{"id":6150,"date":"2022-10-23T13:08:44","date_gmt":"2022-10-23T13:08:44","guid":{"rendered":"https:\/\/dev.tenerife-adventures.com\/?page_id=6150"},"modified":"2024-03-05T21:43:39","modified_gmt":"2024-03-05T21:43:39","slug":"kosar","status":"publish","type":"page","link":"https:\/\/hungary-adventures.com\/hu\/aktiv-programok\/kosar\/","title":{"rendered":"Kos\u00e1r"},"content":{"rendered":"<div data-elementor-type=\"wp-page\" data-elementor-id=\"6150\" class=\"elementor elementor-6150\" data-elementor-post-type=\"page\">\n\t\t\t\t\t\t<section data-particle_enable=\"false\" data-particle-mobile-disabled=\"false\" class=\"elementor-section elementor-top-section elementor-element elementor-element-7f01e70 elementor-section-boxed elementor-section-height-default elementor-section-height-default\" data-id=\"7f01e70\" data-element_type=\"section\">\n\t\t\t\t\t\t<div class=\"elementor-container elementor-column-gap-default\">\n\t\t\t\t\t<div class=\"elementor-column elementor-col-100 elementor-top-column elementor-element elementor-element-5731734\" data-id=\"5731734\" data-element_type=\"column\">\n\t\t\t<div class=\"elementor-widget-wrap\">\n\t\t\t\t\t\t\t<\/div>\n\t\t<\/div>\n\t\t\t\t\t<\/div>\n\t\t<\/section>\n\t\t\t\t<section data-particle_enable=\"false\" data-particle-mobile-disabled=\"false\" class=\"elementor-section elementor-top-section elementor-element elementor-element-39e64e5b elementor-section-full_width elementor-section-height-default elementor-section-height-default\" data-id=\"39e64e5b\" data-element_type=\"section\">\n\t\t\t\t\t\t<div class=\"elementor-container elementor-column-gap-default\">\n\t\t\t\t\t<div class=\"elementor-column elementor-col-50 elementor-top-column elementor-element elementor-element-15051525\" data-id=\"15051525\" data-element_type=\"column\">\n\t\t\t<div class=\"elementor-widget-wrap elementor-element-populated\">\n\t\t\t\t\t\t<section data-particle_enable=\"false\" data-particle-mobile-disabled=\"false\" class=\"elementor-section elementor-inner-section elementor-element elementor-element-3f7e2a6e thmv-inner-container thmv-inner-right elementor-section-boxed elementor-section-height-default elementor-section-height-default\" data-id=\"3f7e2a6e\" data-element_type=\"section\">\n\t\t\t\t\t\t<div class=\"elementor-container elementor-column-gap-no\">\n\t\t\t\t\t<div class=\"elementor-column elementor-col-100 elementor-inner-column elementor-element elementor-element-73ad5693 thmv-flex-right\" data-id=\"73ad5693\" data-element_type=\"column\">\n\t\t\t<div class=\"elementor-widget-wrap elementor-element-populated\">\n\t\t\t\t\t\t<div class=\"elementor-element elementor-element-4d82953e elementor-widget-tablet__width-inherit elementor-widget-mobile__width-inherit elementor-view-default elementor-widget elementor-widget-themo-header\" data-id=\"4d82953e\" data-element_type=\"widget\" data-widget_type=\"themo-header.default\">\n\t\t\t\t<div class=\"elementor-widget-container\">\n\t\t\t\t\t<div class=\"th-header-wrap\">\n        <div class=\"elementor-icon-box-wrapper\">\n                            <div class=\"elementor-icon-box-content\">\n                    <h1 class=\"elementor-icon-box-title\">\n                        Kos\u00e1r                    <\/h1>\n                                        <p class=\"elementor-icon-box-description\">Hagyd magad m\u00f6g\u00f6tt a v\u00e1ros zaj\u00e1t \u00e9s \u00e9ld \u00e1t \u00e9leted \u00e9lm\u00e9ny\u00e9t!<\/p>\n\n                                    <\/div>\n            <\/div>\n\n        <\/div>\n\n\t\t\t\t<\/div>\n\t\t\t\t<\/div>\n\t\t\t\t\t<\/div>\n\t\t<\/div>\n\t\t\t\t\t<\/div>\n\t\t<\/section>\n\t\t\t\t\t<\/div>\n\t\t<\/div>\n\t\t\t\t<div class=\"elementor-column elementor-col-50 elementor-top-column elementor-element elementor-element-71e64cbe\" data-id=\"71e64cbe\" data-element_type=\"column\" data-settings=\"{&quot;background_background&quot;:&quot;classic&quot;}\">\n\t\t\t<div class=\"elementor-widget-wrap elementor-element-populated\">\n\t\t\t\t\t\t<div class=\"elementor-element elementor-element-3ec1deee elementor-widget elementor-widget-spacer\" data-id=\"3ec1deee\" data-element_type=\"widget\" data-widget_type=\"spacer.default\">\n\t\t\t\t<div class=\"elementor-widget-container\">\n\t\t\t<style>\/*! elementor - v3.19.0 - 28-02-2024 *\/\n.elementor-column .elementor-spacer-inner{height:var(--spacer-size)}.e-con{--container-widget-width:100%}.e-con-inner>.elementor-widget-spacer,.e-con>.elementor-widget-spacer{width:var(--container-widget-width,var(--spacer-size));--align-self:var(--container-widget-align-self,initial);--flex-shrink:0}.e-con-inner>.elementor-widget-spacer>.elementor-widget-container,.e-con>.elementor-widget-spacer>.elementor-widget-container{height:100%;width:100%}.e-con-inner>.elementor-widget-spacer>.elementor-widget-container>.elementor-spacer,.e-con>.elementor-widget-spacer>.elementor-widget-container>.elementor-spacer{height:100%}.e-con-inner>.elementor-widget-spacer>.elementor-widget-container>.elementor-spacer>.elementor-spacer-inner,.e-con>.elementor-widget-spacer>.elementor-widget-container>.elementor-spacer>.elementor-spacer-inner{height:var(--container-widget-height,var(--spacer-size))}.e-con-inner>.elementor-widget-spacer.elementor-widget-empty,.e-con>.elementor-widget-spacer.elementor-widget-empty{position:relative;min-height:22px;min-width:22px}.e-con-inner>.elementor-widget-spacer.elementor-widget-empty .elementor-widget-empty-icon,.e-con>.elementor-widget-spacer.elementor-widget-empty .elementor-widget-empty-icon{position:absolute;top:0;bottom:0;left:0;right:0;margin:auto;padding:0;width:22px;height:22px}<\/style>\t\t<div class=\"elementor-spacer\">\n\t\t\t<div class=\"elementor-spacer-inner\"><\/div>\n\t\t<\/div>\n\t\t\t\t<\/div>\n\t\t\t\t<\/div>\n\t\t\t\t\t<\/div>\n\t\t<\/div>\n\t\t\t\t\t<\/div>\n\t\t<\/section>\n\t\t\t\t<section data-particle_enable=\"false\" data-particle-mobile-disabled=\"false\" class=\"elementor-section elementor-top-section elementor-element elementor-element-50f9e55 elementor-section-boxed elementor-section-height-default elementor-section-height-default\" data-id=\"50f9e55\" data-element_type=\"section\" data-settings=\"{&quot;background_background&quot;:&quot;classic&quot;}\">\n\t\t\t\t\t\t<div class=\"elementor-container elementor-column-gap-no\">\n\t\t\t\t\t<div class=\"elementor-column elementor-col-100 elementor-top-column elementor-element elementor-element-5209239e\" data-id=\"5209239e\" data-element_type=\"column\" data-settings=\"{&quot;background_background&quot;:&quot;classic&quot;}\">\n\t\t\t<div class=\"elementor-widget-wrap elementor-element-populated\">\n\t\t\t\t\t\t<div class=\"elementor-element elementor-element-4c0790c elementor-widget elementor-widget-spacer\" data-id=\"4c0790c\" data-element_type=\"widget\" data-widget_type=\"spacer.default\">\n\t\t\t\t<div class=\"elementor-widget-container\">\n\t\t\t\t\t<div class=\"elementor-spacer\">\n\t\t\t<div class=\"elementor-spacer-inner\"><\/div>\n\t\t<\/div>\n\t\t\t\t<\/div>\n\t\t\t\t<\/div>\n\t\t\t\t<div class=\"elementor-element elementor-element-db1632c elementor-widget elementor-widget-shortcode\" data-id=\"db1632c\" data-element_type=\"widget\" data-widget_type=\"shortcode.default\">\n\t\t\t\t<div class=\"elementor-widget-container\">\n\t\t\t\t\t<div class=\"elementor-shortcode\"><div class=\"woocommerce\"><div class=\"woocommerce-notices-wrapper\"><\/div><div class=\"wc-empty-cart-message\">\n\t<div class=\"cart-empty woocommerce-info\">\n\t\tYour cart is currently empty.\t<\/div>\n<\/div>\t<p class=\"return-to-shop\">\n\t\t<a class=\"button wc-backward\" href=\"https:\/\/hungary-adventures.com\/hu\/aktiv-programok\/\">\n\t\t\tReturn to shop\t\t<\/a>\n\t<\/p>\n<\/div><\/div>\n\t\t\t\t<\/div>\n\t\t\t\t<\/div>\n\t\t\t\t\t<\/div>\n\t\t<\/div>\n\t\t\t\t\t<\/div>\n\t\t<\/section>\n\t\t\t\t<\/div>","protected":false},"excerpt":{"rendered":"<p>Kos\u00e1r Hagyd magad m\u00f6g\u00f6tt a v\u00e1ros zaj\u00e1t \u00e9s \u00e9ld \u00e1t \u00e9leted \u00e9lm\u00e9ny\u00e9t!<\/p>","protected":false},"author":1,"featured_media":0,"parent":5152,"menu_order":1,"comment_status":"closed","ping_status":"closed","template":"","meta":{"footnotes":""},"class_list":["post-6150","page","type-page","status-publish","hentry"],"yoast_head":"<!-- This site is optimized with the Yoast SEO plugin v25.5 - https:\/\/yoast.com\/wordpress\/plugins\/seo\/ -->\n<title>Kos\u00e1r - Hungary Adventures<\/title>\n<meta name=\"robots\" content=\"index, follow, max-snippet:-1, max-image-preview:large, max-video-preview:-1\" \/>\n<link rel=\"canonical\" href=\"https:\/\/hungary-adventures.com\/hu\/aktiv-programok\/kosar\/\" \/>\n<meta property=\"og:locale\" content=\"hu_HU\" \/>\n<meta property=\"og:type\" content=\"article\" \/>\n<meta property=\"og:title\" content=\"Kos\u00e1r - Hungary Adventures\" \/>\n<meta property=\"og:description\" content=\"Kos\u00e1r Hagyd magad m\u00f6g\u00f6tt a v\u00e1ros zaj\u00e1t \u00e9s \u00e9ld \u00e1t \u00e9leted \u00e9lm\u00e9ny\u00e9t!\" \/>\n<meta property=\"og:url\" content=\"https:\/\/hungary-adventures.com\/hu\/aktiv-programok\/kosar\/\" \/>\n<meta property=\"og:site_name\" content=\"Hungary Adventures\" \/>\n<meta property=\"article:modified_time\" content=\"2024-03-05T21:43:39+00:00\" \/>\n<meta property=\"og:image\" content=\"https:\/\/hungary-adventures.com\/wp-content\/uploads\/2024\/05\/Hungary-adventures-Budapest-holiday-scaled.jpg\" \/>\n\t<meta property=\"og:image:width\" content=\"2560\" \/>\n\t<meta property=\"og:image:height\" content=\"1388\" \/>\n\t<meta property=\"og:image:type\" content=\"image\/jpeg\" \/>\n<script type=\"application\/ld+json\" class=\"yoast-schema-graph\">{\"@context\":\"https:\/\/schema.org\",\"@graph\":[{\"@type\":\"WebPage\",\"@id\":\"https:\/\/hungary-adventures.com\/hu\/aktiv-programok\/kosar\/\",\"url\":\"https:\/\/hungary-adventures.com\/hu\/aktiv-programok\/kosar\/\",\"name\":\"Kos\u00e1r - Hungary Adventures\",\"isPartOf\":{\"@id\":\"https:\/\/hungary-adventures.com\/hu\/#website\"},\"datePublished\":\"2022-10-23T13:08:44+00:00\",\"dateModified\":\"2024-03-05T21:43:39+00:00\",\"breadcrumb\":{\"@id\":\"https:\/\/hungary-adventures.com\/hu\/aktiv-programok\/kosar\/#breadcrumb\"},\"inLanguage\":\"hu\",\"potentialAction\":[{\"@type\":\"ReadAction\",\"target\":[\"https:\/\/hungary-adventures.com\/hu\/aktiv-programok\/kosar\/\"]}]},{\"@type\":\"BreadcrumbList\",\"@id\":\"https:\/\/hungary-adventures.com\/hu\/aktiv-programok\/kosar\/#breadcrumb\",\"itemListElement\":[{\"@type\":\"ListItem\",\"position\":1,\"name\":\"F\u0151oldal\",\"item\":\"https:\/\/hungary-adventures.com\/hu\/\"},{\"@type\":\"ListItem\",\"position\":2,\"name\":\"Programok\",\"item\":\"https:\/\/hungary-adventures.com\/hu\/aktiv-programok\/\"},{\"@type\":\"ListItem\",\"position\":3,\"name\":\"Kos\u00e1r\"}]},{\"@type\":\"WebSite\",\"@id\":\"https:\/\/hungary-adventures.com\/hu\/#website\",\"url\":\"https:\/\/hungary-adventures.com\/hu\/\",\"name\":\"Hungary Adventures\",\"description\":\"Leny\u0171g\u00f6z\u0151 utaz\u00e1s Tenerif\u00e9n\",\"publisher\":{\"@id\":\"https:\/\/hungary-adventures.com\/hu\/#organization\"},\"potentialAction\":[{\"@type\":\"SearchAction\",\"target\":{\"@type\":\"EntryPoint\",\"urlTemplate\":\"https:\/\/hungary-adventures.com\/hu\/?s={search_term_string}\"},\"query-input\":{\"@type\":\"PropertyValueSpecification\",\"valueRequired\":true,\"valueName\":\"search_term_string\"}}],\"inLanguage\":\"hu\"},{\"@type\":\"Organization\",\"@id\":\"https:\/\/hungary-adventures.com\/hu\/#organization\",\"name\":\"Hungary Adventures\",\"url\":\"https:\/\/hungary-adventures.com\/hu\/\",\"logo\":{\"@type\":\"ImageObject\",\"inLanguage\":\"hu\",\"@id\":\"https:\/\/hungary-adventures.com\/hu\/#\/schema\/logo\/image\/\",\"url\":\"https:\/\/hungary-adventures.com\/wp-content\/uploads\/2024\/05\/cropped-cropped-cropped-Hungary-adventures.jpg\",\"contentUrl\":\"https:\/\/hungary-adventures.com\/wp-content\/uploads\/2024\/05\/cropped-cropped-cropped-Hungary-adventures.jpg\",\"width\":512,\"height\":512,\"caption\":\"Hungary Adventures\"},\"image\":{\"@id\":\"https:\/\/hungary-adventures.com\/hu\/#\/schema\/logo\/image\/\"}}]}<\/script>\n<!-- \/ Yoast SEO plugin. -->","yoast_head_json":{"title":"Kos\u00e1r - Hungary Adventures","robots":{"index":"index","follow":"follow","max-snippet":"max-snippet:-1","max-image-preview":"max-image-preview:large","max-video-preview":"max-video-preview:-1"},"canonical":"https:\/\/hungary-adventures.com\/hu\/aktiv-programok\/kosar\/","og_locale":"hu_HU","og_type":"article","og_title":"Kos\u00e1r - Hungary Adventures","og_description":"Kos\u00e1r Hagyd magad m\u00f6g\u00f6tt a v\u00e1ros zaj\u00e1t \u00e9s \u00e9ld \u00e1t \u00e9leted \u00e9lm\u00e9ny\u00e9t!","og_url":"https:\/\/hungary-adventures.com\/hu\/aktiv-programok\/kosar\/","og_site_name":"Hungary Adventures","article_modified_time":"2024-03-05T21:43:39+00:00","og_image":[{"width":2560,"height":1388,"url":"https:\/\/hungary-adventures.com\/wp-content\/uploads\/2024\/05\/Hungary-adventures-Budapest-holiday-scaled.jpg","type":"image\/jpeg"}],"schema":{"@context":"https:\/\/schema.org","@graph":[{"@type":"WebPage","@id":"https:\/\/hungary-adventures.com\/hu\/aktiv-programok\/kosar\/","url":"https:\/\/hungary-adventures.com\/hu\/aktiv-programok\/kosar\/","name":"Kos\u00e1r - Hungary Adventures","isPartOf":{"@id":"https:\/\/hungary-adventures.com\/hu\/#website"},"datePublished":"2022-10-23T13:08:44+00:00","dateModified":"2024-03-05T21:43:39+00:00","breadcrumb":{"@id":"https:\/\/hungary-adventures.com\/hu\/aktiv-programok\/kosar\/#breadcrumb"},"inLanguage":"hu","potentialAction":[{"@type":"ReadAction","target":["https:\/\/hungary-adventures.com\/hu\/aktiv-programok\/kosar\/"]}]},{"@type":"BreadcrumbList","@id":"https:\/\/hungary-adventures.com\/hu\/aktiv-programok\/kosar\/#breadcrumb","itemListElement":[{"@type":"ListItem","position":1,"name":"F\u0151oldal","item":"https:\/\/hungary-adventures.com\/hu\/"},{"@type":"ListItem","position":2,"name":"Programok","item":"https:\/\/hungary-adventures.com\/hu\/aktiv-programok\/"},{"@type":"ListItem","position":3,"name":"Kos\u00e1r"}]},{"@type":"WebSite","@id":"https:\/\/hungary-adventures.com\/hu\/#website","url":"https:\/\/hungary-adventures.com\/hu\/","name":"Hungary Adventures","description":"Leny\u0171g\u00f6z\u0151 utaz\u00e1s Tenerif\u00e9n","publisher":{"@id":"https:\/\/hungary-adventures.com\/hu\/#organization"},"potentialAction":[{"@type":"SearchAction","target":{"@type":"EntryPoint","urlTemplate":"https:\/\/hungary-adventures.com\/hu\/?s={search_term_string}"},"query-input":{"@type":"PropertyValueSpecification","valueRequired":true,"valueName":"search_term_string"}}],"inLanguage":"hu"},{"@type":"Organization","@id":"https:\/\/hungary-adventures.com\/hu\/#organization","name":"Hungary Adventures","url":"https:\/\/hungary-adventures.com\/hu\/","logo":{"@type":"ImageObject","inLanguage":"hu","@id":"https:\/\/hungary-adventures.com\/hu\/#\/schema\/logo\/image\/","url":"https:\/\/hungary-adventures.com\/wp-content\/uploads\/2024\/05\/cropped-cropped-cropped-Hungary-adventures.jpg","contentUrl":"https:\/\/hungary-adventures.com\/wp-content\/uploads\/2024\/05\/cropped-cropped-cropped-Hungary-adventures.jpg","width":512,"height":512,"caption":"Hungary Adventures"},"image":{"@id":"https:\/\/hungary-adventures.com\/hu\/#\/schema\/logo\/image\/"}}]}},"_links":{"self":[{"href":"https:\/\/hungary-adventures.com\/hu\/wp-json\/wp\/v2\/pages\/6150","targetHints":{"allow":["GET"]}}],"collection":[{"href":"https:\/\/hungary-adventures.com\/hu\/wp-json\/wp\/v2\/pages"}],"about":[{"href":"https:\/\/hungary-adventures.com\/hu\/wp-json\/wp\/v2\/types\/page"}],"author":[{"embeddable":true,"href":"https:\/\/hungary-adventures.com\/hu\/wp-json\/wp\/v2\/users\/1"}],"replies":[{"embeddable":true,"href":"https:\/\/hungary-adventures.com\/hu\/wp-json\/wp\/v2\/comments?post=6150"}],"version-history":[{"count":22,"href":"https:\/\/hungary-adventures.com\/hu\/wp-json\/wp\/v2\/pages\/6150\/revisions"}],"predecessor-version":[{"id":10535,"href":"https:\/\/hungary-adventures.com\/hu\/wp-json\/wp\/v2\/pages\/6150\/revisions\/10535"}],"up":[{"embeddable":true,"href":"https:\/\/hungary-adventures.com\/hu\/wp-json\/wp\/v2\/pages\/5152"}],"wp:attachment":[{"href":"https:\/\/hungary-adventures.com\/hu\/wp-json\/wp\/v2\/media?parent=6150"}],"curies":[{"name":"wp","href":"https:\/\/api.w.org\/{rel}","templated":true}]}}