{"id":6173,"date":"2022-10-24T16:04:13","date_gmt":"2022-10-24T16:04:13","guid":{"rendered":"https:\/\/dev.tenerife-adventures.com\/?page_id=6173"},"modified":"2025-12-09T09:34:49","modified_gmt":"2025-12-09T09:34:49","slug":"hungary-activities-calendar","status":"publish","type":"page","link":"https:\/\/hungary-adventures.com\/hu\/hungary-activities-calendar\/","title":{"rendered":"Calendar"},"content":{"rendered":"<h2>&nbsp;<\/h2>\n<p><\/p>\n<p><a>Event Details<\/a><\/p>\n\n<div data-block-name=\"woocommerce\/bookings-availability-calendar-block\" data-current-screen=\"categories-screen\" data-date-range-type=\"this-week\" class=\"wp-block-woocommerce-bookings-availability-calendar-block wc-bookings-availability-main-calendar-container wc-bookings-availability-main-container\" data-category-ids=\"516,452,444,446,454,441\" data-product-ids=\"\" data-resource-ids=\"\" data-show-date-nav=\"true\" data-show-sold-out=\"true\"><\/div>","protected":false},"excerpt":{"rendered":"<p>&nbsp; Event Details<\/p>","protected":false},"author":1,"featured_media":0,"parent":0,"menu_order":2,"comment_status":"closed","ping_status":"closed","template":"","meta":{"footnotes":""},"class_list":["post-6173","page","type-page","status-publish","hentry"],"yoast_head":"<!-- This site is optimized with the Yoast SEO plugin v25.5 - https:\/\/yoast.com\/wordpress\/plugins\/seo\/ -->\n<title>Hungary \/ Budapest activites and holiday planning<\/title>\n<meta name=\"robots\" content=\"index, follow, max-snippet:-1, max-image-preview:large, max-video-preview:-1\" \/>\n<link rel=\"canonical\" href=\"https:\/\/hungary-adventures.com\/hu\/en\/hungary-activities-calendar\/\" \/>\n<meta property=\"og:locale\" content=\"hu_HU\" \/>\n<meta property=\"og:type\" content=\"article\" \/>\n<meta property=\"og:title\" content=\"Tenerife adventures - booking and calendar\" \/>\n<meta property=\"og:description\" content=\"Activity calendar for Tenerife adventures\" \/>\n<meta property=\"og:url\" content=\"https:\/\/hungary-adventures.com\/hu\/en\/hungary-activities-calendar\/\" \/>\n<meta property=\"og:site_name\" content=\"Hungary Adventures\" \/>\n<meta property=\"article:modified_time\" content=\"2025-12-09T09:34:49+00:00\" \/>\n<meta property=\"og:image\" content=\"https:\/\/hungary-adventures.com\/wp-content\/uploads\/2024\/05\/Hungary-adventures-Budapest-holiday-scaled.jpg\" \/>\n\t<meta property=\"og:image:width\" content=\"2560\" \/>\n\t<meta property=\"og:image:height\" content=\"1388\" \/>\n\t<meta property=\"og:image:type\" content=\"image\/jpeg\" \/>\n<meta name=\"twitter:label1\" content=\"Becs\u00fclt olvas\u00e1si id\u0151\" \/>\n\t<meta name=\"twitter:data1\" content=\"1 perc\" \/>\n<script type=\"application\/ld+json\" class=\"yoast-schema-graph\">{\"@context\":\"https:\/\/schema.org\",\"@graph\":[{\"@type\":\"WebPage\",\"@id\":\"https:\/\/hungary-adventures.com\/en\/hungary-activities-calendar\/\",\"url\":\"https:\/\/hungary-adventures.com\/en\/hungary-activities-calendar\/\",\"name\":\"Hungary \/ Budapest activites and holiday planning\",\"isPartOf\":{\"@id\":\"https:\/\/hungary-adventures.com\/#website\"},\"datePublished\":\"2022-10-24T16:04:13+00:00\",\"dateModified\":\"2025-12-09T09:34:49+00:00\",\"breadcrumb\":{\"@id\":\"https:\/\/hungary-adventures.com\/en\/hungary-activities-calendar\/#breadcrumb\"},\"inLanguage\":\"hu\",\"potentialAction\":[{\"@type\":\"ReadAction\",\"target\":[\"https:\/\/hungary-adventures.com\/en\/hungary-activities-calendar\/\"]}]},{\"@type\":\"BreadcrumbList\",\"@id\":\"https:\/\/hungary-adventures.com\/en\/hungary-activities-calendar\/#breadcrumb\",\"itemListElement\":[{\"@type\":\"ListItem\",\"position\":1,\"name\":\"F\u0151oldal\",\"item\":\"https:\/\/hungary-adventures.com\/\"},{\"@type\":\"ListItem\",\"position\":2,\"name\":\"Calendar\"}]},{\"@type\":\"WebSite\",\"@id\":\"https:\/\/hungary-adventures.com\/#website\",\"url\":\"https:\/\/hungary-adventures.com\/\",\"name\":\"Hungary Adventures\",\"description\":\"Bakancslist\u00e1s programok Magyarorsz\u00e1gon\",\"publisher\":{\"@id\":\"https:\/\/hungary-adventures.com\/#organization\"},\"potentialAction\":[{\"@type\":\"SearchAction\",\"target\":{\"@type\":\"EntryPoint\",\"urlTemplate\":\"https:\/\/hungary-adventures.com\/?s={search_term_string}\"},\"query-input\":{\"@type\":\"PropertyValueSpecification\",\"valueRequired\":true,\"valueName\":\"search_term_string\"}}],\"inLanguage\":\"hu\"},{\"@type\":\"Organization\",\"@id\":\"https:\/\/hungary-adventures.com\/#organization\",\"name\":\"Hungary Adventures\",\"url\":\"https:\/\/hungary-adventures.com\/\",\"logo\":{\"@type\":\"ImageObject\",\"inLanguage\":\"hu\",\"@id\":\"https:\/\/hungary-adventures.com\/#\/schema\/logo\/image\/\",\"url\":\"https:\/\/hungary-adventures.com\/wp-content\/uploads\/2024\/05\/cropped-cropped-cropped-Hungary-adventures.jpg\",\"contentUrl\":\"https:\/\/hungary-adventures.com\/wp-content\/uploads\/2024\/05\/cropped-cropped-cropped-Hungary-adventures.jpg\",\"width\":512,\"height\":512,\"caption\":\"Hungary Adventures\"},\"image\":{\"@id\":\"https:\/\/hungary-adventures.com\/#\/schema\/logo\/image\/\"}}]}<\/script>\n<!-- \/ Yoast SEO plugin. -->","yoast_head_json":{"title":"Hungary \/ Budapest activites and holiday planning","robots":{"index":"index","follow":"follow","max-snippet":"max-snippet:-1","max-image-preview":"max-image-preview:large","max-video-preview":"max-video-preview:-1"},"canonical":"https:\/\/hungary-adventures.com\/hu\/en\/hungary-activities-calendar\/","og_locale":"hu_HU","og_type":"article","og_title":"Tenerife adventures - booking and calendar","og_description":"Activity calendar for Tenerife adventures","og_url":"https:\/\/hungary-adventures.com\/hu\/en\/hungary-activities-calendar\/","og_site_name":"Hungary Adventures","article_modified_time":"2025-12-09T09:34:49+00:00","og_image":[{"width":2560,"height":1388,"url":"https:\/\/hungary-adventures.com\/wp-content\/uploads\/2024\/05\/Hungary-adventures-Budapest-holiday-scaled.jpg","type":"image\/jpeg"}],"twitter_misc":{"Becs\u00fclt olvas\u00e1si id\u0151":"1 perc"},"schema":{"@context":"https:\/\/schema.org","@graph":[{"@type":"WebPage","@id":"https:\/\/hungary-adventures.com\/en\/hungary-activities-calendar\/","url":"https:\/\/hungary-adventures.com\/en\/hungary-activities-calendar\/","name":"Hungary \/ Budapest activites and holiday planning","isPartOf":{"@id":"https:\/\/hungary-adventures.com\/#website"},"datePublished":"2022-10-24T16:04:13+00:00","dateModified":"2025-12-09T09:34:49+00:00","breadcrumb":{"@id":"https:\/\/hungary-adventures.com\/en\/hungary-activities-calendar\/#breadcrumb"},"inLanguage":"hu","potentialAction":[{"@type":"ReadAction","target":["https:\/\/hungary-adventures.com\/en\/hungary-activities-calendar\/"]}]},{"@type":"BreadcrumbList","@id":"https:\/\/hungary-adventures.com\/en\/hungary-activities-calendar\/#breadcrumb","itemListElement":[{"@type":"ListItem","position":1,"name":"F\u0151oldal","item":"https:\/\/hungary-adventures.com\/"},{"@type":"ListItem","position":2,"name":"Calendar"}]},{"@type":"WebSite","@id":"https:\/\/hungary-adventures.com\/#website","url":"https:\/\/hungary-adventures.com\/","name":"Hungary Adventures","description":"Bakancslist\u00e1s programok Magyarorsz\u00e1gon","publisher":{"@id":"https:\/\/hungary-adventures.com\/#organization"},"potentialAction":[{"@type":"SearchAction","target":{"@type":"EntryPoint","urlTemplate":"https:\/\/hungary-adventures.com\/?s={search_term_string}"},"query-input":{"@type":"PropertyValueSpecification","valueRequired":true,"valueName":"search_term_string"}}],"inLanguage":"hu"},{"@type":"Organization","@id":"https:\/\/hungary-adventures.com\/#organization","name":"Hungary Adventures","url":"https:\/\/hungary-adventures.com\/","logo":{"@type":"ImageObject","inLanguage":"hu","@id":"https:\/\/hungary-adventures.com\/#\/schema\/logo\/image\/","url":"https:\/\/hungary-adventures.com\/wp-content\/uploads\/2024\/05\/cropped-cropped-cropped-Hungary-adventures.jpg","contentUrl":"https:\/\/hungary-adventures.com\/wp-content\/uploads\/2024\/05\/cropped-cropped-cropped-Hungary-adventures.jpg","width":512,"height":512,"caption":"Hungary Adventures"},"image":{"@id":"https:\/\/hungary-adventures.com\/#\/schema\/logo\/image\/"}}]}},"_links":{"self":[{"href":"https:\/\/hungary-adventures.com\/hu\/wp-json\/wp\/v2\/pages\/6173","targetHints":{"allow":["GET"]}}],"collection":[{"href":"https:\/\/hungary-adventures.com\/hu\/wp-json\/wp\/v2\/pages"}],"about":[{"href":"https:\/\/hungary-adventures.com\/hu\/wp-json\/wp\/v2\/types\/page"}],"author":[{"embeddable":true,"href":"https:\/\/hungary-adventures.com\/hu\/wp-json\/wp\/v2\/users\/1"}],"replies":[{"embeddable":true,"href":"https:\/\/hungary-adventures.com\/hu\/wp-json\/wp\/v2\/comments?post=6173"}],"version-history":[{"count":5,"href":"https:\/\/hungary-adventures.com\/hu\/wp-json\/wp\/v2\/pages\/6173\/revisions"}],"predecessor-version":[{"id":7538,"href":"https:\/\/hungary-adventures.com\/hu\/wp-json\/wp\/v2\/pages\/6173\/revisions\/7538"}],"wp:attachment":[{"href":"https:\/\/hungary-adventures.com\/hu\/wp-json\/wp\/v2\/media?parent=6173"}],"curies":[{"name":"wp","href":"https:\/\/api.w.org\/{rel}","templated":true}]}}