{"id":6370,"date":"2022-10-30T18:43:47","date_gmt":"2022-10-30T18:43:47","guid":{"rendered":"https:\/\/dev.tenerife-adventures.com\/?page_id=6370"},"modified":"2022-11-01T06:54:46","modified_gmt":"2022-11-01T06:54:46","slug":"cookie-informaciok","status":"publish","type":"page","link":"https:\/\/hungary-adventures.com\/hu\/cookie-informaciok\/","title":{"rendered":"Cookie inform\u00e1ci\u00f3k"},"content":{"rendered":"<div data-elementor-type=\"wp-page\" data-elementor-id=\"6370\" class=\"elementor elementor-6370\" data-elementor-post-type=\"page\">\n\t\t\t\t\t\t<section data-particle_enable=\"false\" data-particle-mobile-disabled=\"false\" class=\"elementor-section elementor-top-section elementor-element elementor-element-4b08bd5c elementor-section-boxed elementor-section-height-default elementor-section-height-default\" data-id=\"4b08bd5c\" data-element_type=\"section\">\n\t\t\t\t\t\t<div class=\"elementor-container elementor-column-gap-default\">\n\t\t\t\t\t<div class=\"elementor-column elementor-col-100 elementor-top-column elementor-element elementor-element-39cf0ead\" data-id=\"39cf0ead\" data-element_type=\"column\">\n\t\t\t<div class=\"elementor-widget-wrap elementor-element-populated\">\n\t\t\t\t\t\t<div class=\"elementor-element elementor-element-188b70ed elementor-widget elementor-widget-text-editor\" data-id=\"188b70ed\" data-element_type=\"widget\" data-widget_type=\"text-editor.default\">\n\t\t\t\t<div class=\"elementor-widget-container\">\n\t\t\t<style>\/*! elementor - v3.19.0 - 28-02-2024 *\/\n.elementor-widget-text-editor.elementor-drop-cap-view-stacked .elementor-drop-cap{background-color:#69727d;color:#fff}.elementor-widget-text-editor.elementor-drop-cap-view-framed .elementor-drop-cap{color:#69727d;border:3px solid;background-color:transparent}.elementor-widget-text-editor:not(.elementor-drop-cap-view-default) .elementor-drop-cap{margin-top:8px}.elementor-widget-text-editor:not(.elementor-drop-cap-view-default) .elementor-drop-cap-letter{width:1em;height:1em}.elementor-widget-text-editor .elementor-drop-cap{float:left;text-align:center;line-height:1;font-size:50px}.elementor-widget-text-editor .elementor-drop-cap-letter{display:inline-block}<\/style>\t\t\t\t<!-- wp:heading {\"level\":3} -->\n<h3>S\u00fctik<\/h3>\n<!-- \/wp:heading -->\n\n<!-- wp:paragraph -->\n<p>E honlap megfelel\u0151 m\u0171k\u00f6d\u00e9s\u00e9hez \u201es\u00fctiknek\u201d nevezett adatf\u00e1jlokat (angolul: cookie) kell elhelyezn\u00fcnk sz\u00e1m\u00edt\u00f3g\u00e9p\u00e9n, ahogy azt m\u00e1s nagy webhelyek \u00e9s internetszolg\u00e1ltat\u00f3k is teszik.<\/p>\n<!-- \/wp:paragraph -->\n\n<!-- wp:heading {\"level\":3} -->\n<h3>Mik is azok a s\u00fctik?<\/h3>\n<!-- \/wp:heading -->\n\n<!-- wp:paragraph -->\n<p>A s\u00fctik kis sz\u00f6vegf\u00e1jlok, melyeket a webhely az oldalaira l\u00e1togat\u00f3 felhaszn\u00e1l\u00f3 sz\u00e1m\u00edt\u00f3g\u00e9p\u00e9n, illetve mobilk\u00e9sz\u00fcl\u00e9k\u00e9n t\u00e1rol el. A s\u00fctik seg\u00edts\u00e9g\u00e9vel a honlap bizonyos ideig megjegyzi az \u00d6n m\u0171veleteit \u00e9s szem\u00e9lyes be\u00e1ll\u00edt\u00e1sait (pl. a felhaszn\u00e1l\u00f3i nevet, a nyelvet, a bet\u0171m\u00e9retet \u00e9s a honlap megjelen\u00edt\u00e9s\u00e9vel kapcsolatos t\u00f6bbi egyedi be\u00e1ll\u00edt\u00e1st), \u00edgy \u00d6nnek nem kell azokat \u00fajra megadnia minden egyes alkalommal, amikor honlapunkra ell\u00e1togat, vagy az egyik lapr\u00f3l \u00e1tnavig\u00e1l egy m\u00e1sikra.<\/p>\n<!-- \/wp:paragraph -->\n\n<!-- wp:heading {\"level\":3} -->\n<h3>Hogyan haszn\u00e1ljuk fel a s\u00fctiket?<\/h3>\n<!-- \/wp:heading -->\n\n<!-- wp:paragraph -->\n<p>Port\u00e1lunk sz\u00e1mos oldala s\u00fctik seg\u00edts\u00e9g\u00e9vel tartja nyilv\u00e1n a k\u00f6vetkez\u0151ket:<\/p>\n<!-- \/wp:paragraph -->\n\n<!-- wp:list -->\n<ul><li>Keres\u00e9si be\u00e1ll\u00edt\u00e1sok<\/li><li>Elfogadta-e a felhaszn\u00e1l\u00e1si felt\u00e9teleket<\/li><li>Szem\u00e9lyre szabott tartalom<\/li><li>Statisztik\u00e1k<\/li><\/ul>\n<!-- \/wp:list -->\n\n<!-- wp:paragraph -->\n<p>Emellett a port\u00e1lunkon elhelyezett vide\u00f3k n\u00e9melyike szint\u00e9n haszn\u00e1l s\u00fctiket, hogy n\u00e9vtelen statisztikai adatokat gy\u0171jts\u00f6n arr\u00f3l, milyen el\u00e9r\u00e9si \u00fatvonalon \u00e9rkezik a felhaszn\u00e1l\u00f3 az adott oldalra, \u00e9s mely videofilmeket n\u00e9zi meg.<\/p>\n<!-- \/wp:paragraph -->\n\n<!-- wp:paragraph -->\n<p>A s\u00fctiknek az enged\u00e9lyez\u00e9se nem felt\u00e9tlen\u00fcl sz\u00fcks\u00e9ges a webhely m\u0171k\u00f6d\u00e9s\u00e9hez, de jav\u00edtja a b\u00f6ng\u00e9sz\u00e9s \u00e9lm\u00e9ny\u00e9t \u00e9s teljes\u00edtm\u00e9ny\u00e9t. \u00d6n t\u00f6r\u00f6lheti vagy letilthatja ezeket a s\u00fctiket, de ebben az esetben el\u0151fordulhat, hogy a webhely bizonyos funkci\u00f3i nem m\u0171k\u00f6dnek rendeltet\u00e9sszer\u0171en.<\/p>\n<!-- \/wp:paragraph -->\n\n<!-- wp:paragraph -->\n<p>A s\u00fctik \u00e1ltal t\u00e1rolt inform\u00e1ci\u00f3kat nem haszn\u00e1ljuk fel az \u00d6n szem\u00e9lyazonoss\u00e1g\u00e1nak meg\u00e1llap\u00edt\u00e1s\u00e1ra, \u00e9s a mintaadatok teljes m\u00e9rt\u00e9kben az ellen\u0151rz\u00e9s\u00fcnk alatt \u00e1llnak. A cookie-k&nbsp;\u00e1ltal t\u00e1rolt inform\u00e1ci\u00f3k kiz\u00e1r\u00f3lag az itt le\u00edrt c\u00e9lokra ker\u00fclnek felhaszn\u00e1l\u00e1sra.<\/p>\n<!-- \/wp:paragraph -->\n\n<!-- wp:heading {\"level\":3} -->\n<h3>A s\u00fctik karbantart\u00e1sa<\/h3>\n<!-- \/wp:heading -->\n\n<!-- wp:paragraph -->\n<p>\u00d6nnek lehet\u0151s\u00e9ge van arra, hogy&nbsp;<strong>karbantartsa \u00e9s\/vagy<\/strong>&nbsp;tetsz\u00e9s szerint&nbsp;<strong>t\u00f6r\u00f6lje<\/strong>&nbsp;a s\u00fctiket. K\u00e9rj\u00fck, hogy az ezzel kapcsolatos tudnival\u00f3k\u00e9rt l\u00e1togasson el az&nbsp;<a href=\"http:\/\/www.aboutcookies.org\/\">aboutcookies.org<\/a>&nbsp;webhelyre. \u00d6n t\u00f6r\u00f6lni tudja a sz\u00e1m\u00edt\u00f3g\u00e9p\u00e9n t\u00e1rolt \u00f6sszes s\u00fctit, \u00e9s a b\u00f6ng\u00e9sz\u0151programok t\u00f6bbs\u00e9g\u00e9ben le tudja tiltani a telep\u00edt\u00e9s\u00fcket. Ebben az esetben azonban el\u0151fordulhat, hogy minden alkalommal, amikor ell\u00e1togat egy adott oldalra, manu\u00e1lisan el kell v\u00e9geznie egyes be\u00e1ll\u00edt\u00e1sokat, \u00e9s sz\u00e1molnia kell azzal is, hogy bizonyos szolg\u00e1ltat\u00e1sok \u00e9s funkci\u00f3k esetleg nem m\u0171k\u00f6dnek.<\/p>\n<!-- \/wp:paragraph -->\t\t\t\t\t\t<\/div>\n\t\t\t\t<\/div>\n\t\t\t\t\t<\/div>\n\t\t<\/div>\n\t\t\t\t\t<\/div>\n\t\t<\/section>\n\t\t\t\t<\/div>","protected":false},"excerpt":{"rendered":"<p>S\u00fctik E honlap megfelel\u0151 m\u0171k\u00f6d\u00e9s\u00e9hez \u201es\u00fctiknek\u201d nevezett adatf\u00e1jlokat (angolul: cookie) kell elhelyezn\u00fcnk sz\u00e1m\u00edt\u00f3g\u00e9p\u00e9n, ahogy azt m\u00e1s nagy webhelyek \u00e9s internetszolg\u00e1ltat\u00f3k is teszik. Mik is azok a s\u00fctik? A s\u00fctik kis sz\u00f6vegf\u00e1jlok, melyeket a webhely az oldalaira l\u00e1togat\u00f3 felhaszn\u00e1l\u00f3 sz\u00e1m\u00edt\u00f3g\u00e9p\u00e9n, illetve &hellip; <a href=\"https:\/\/hungary-adventures.com\/hu\/cookie-informaciok\/\">Read More<\/a><\/p>","protected":false},"author":1,"featured_media":0,"parent":0,"menu_order":0,"comment_status":"closed","ping_status":"closed","template":"","meta":{"footnotes":""},"class_list":["post-6370","page","type-page","status-publish","hentry"],"yoast_head":"<!-- This site is optimized with the Yoast SEO plugin v25.5 - https:\/\/yoast.com\/wordpress\/plugins\/seo\/ -->\n<title>Cookie inform\u00e1ci\u00f3k - Hungary Adventures<\/title>\n<meta name=\"robots\" content=\"index, follow, max-snippet:-1, max-image-preview:large, max-video-preview:-1\" \/>\n<link rel=\"canonical\" href=\"https:\/\/hungary-adventures.com\/hu\/cookie-informaciok\/\" \/>\n<meta property=\"og:locale\" content=\"hu_HU\" \/>\n<meta property=\"og:type\" content=\"article\" \/>\n<meta property=\"og:title\" content=\"Cookie inform\u00e1ci\u00f3k - Hungary Adventures\" \/>\n<meta property=\"og:description\" content=\"S\u00fctik E honlap megfelel\u0151 m\u0171k\u00f6d\u00e9s\u00e9hez \u201es\u00fctiknek\u201d nevezett adatf\u00e1jlokat (angolul: cookie) kell elhelyezn\u00fcnk sz\u00e1m\u00edt\u00f3g\u00e9p\u00e9n, ahogy azt m\u00e1s nagy webhelyek \u00e9s internetszolg\u00e1ltat\u00f3k is teszik. Mik is azok a s\u00fctik? A s\u00fctik kis sz\u00f6vegf\u00e1jlok, melyeket a webhely az oldalaira l\u00e1togat\u00f3 felhaszn\u00e1l\u00f3 sz\u00e1m\u00edt\u00f3g\u00e9p\u00e9n, illetve &hellip; Read More\" \/>\n<meta property=\"og:url\" content=\"https:\/\/hungary-adventures.com\/hu\/cookie-informaciok\/\" \/>\n<meta property=\"og:site_name\" content=\"Hungary Adventures\" \/>\n<meta property=\"article:modified_time\" content=\"2022-11-01T06:54:46+00:00\" \/>\n<meta property=\"og:image\" content=\"https:\/\/hungary-adventures.com\/wp-content\/uploads\/2024\/05\/Hungary-adventures-Budapest-holiday-scaled.jpg\" \/>\n\t<meta property=\"og:image:width\" content=\"2560\" \/>\n\t<meta property=\"og:image:height\" content=\"1388\" \/>\n\t<meta property=\"og:image:type\" content=\"image\/jpeg\" \/>\n<meta name=\"twitter:label1\" content=\"Becs\u00fclt olvas\u00e1si id\u0151\" \/>\n\t<meta name=\"twitter:data1\" content=\"2 perc\" \/>\n<script type=\"application\/ld+json\" class=\"yoast-schema-graph\">{\"@context\":\"https:\/\/schema.org\",\"@graph\":[{\"@type\":\"WebPage\",\"@id\":\"https:\/\/hungary-adventures.com\/hu\/cookie-informaciok\/\",\"url\":\"https:\/\/hungary-adventures.com\/hu\/cookie-informaciok\/\",\"name\":\"Cookie inform\u00e1ci\u00f3k - Hungary Adventures\",\"isPartOf\":{\"@id\":\"https:\/\/hungary-adventures.com\/hu\/#website\"},\"datePublished\":\"2022-10-30T18:43:47+00:00\",\"dateModified\":\"2022-11-01T06:54:46+00:00\",\"breadcrumb\":{\"@id\":\"https:\/\/hungary-adventures.com\/hu\/cookie-informaciok\/#breadcrumb\"},\"inLanguage\":\"hu\",\"potentialAction\":[{\"@type\":\"ReadAction\",\"target\":[\"https:\/\/hungary-adventures.com\/hu\/cookie-informaciok\/\"]}]},{\"@type\":\"BreadcrumbList\",\"@id\":\"https:\/\/hungary-adventures.com\/hu\/cookie-informaciok\/#breadcrumb\",\"itemListElement\":[{\"@type\":\"ListItem\",\"position\":1,\"name\":\"F\u0151oldal\",\"item\":\"https:\/\/hungary-adventures.com\/hu\/\"},{\"@type\":\"ListItem\",\"position\":2,\"name\":\"Cookie inform\u00e1ci\u00f3k\"}]},{\"@type\":\"WebSite\",\"@id\":\"https:\/\/hungary-adventures.com\/hu\/#website\",\"url\":\"https:\/\/hungary-adventures.com\/hu\/\",\"name\":\"Hungary Adventures\",\"description\":\"Leny\u0171g\u00f6z\u0151 utaz\u00e1s Tenerif\u00e9n\",\"publisher\":{\"@id\":\"https:\/\/hungary-adventures.com\/hu\/#organization\"},\"potentialAction\":[{\"@type\":\"SearchAction\",\"target\":{\"@type\":\"EntryPoint\",\"urlTemplate\":\"https:\/\/hungary-adventures.com\/hu\/?s={search_term_string}\"},\"query-input\":{\"@type\":\"PropertyValueSpecification\",\"valueRequired\":true,\"valueName\":\"search_term_string\"}}],\"inLanguage\":\"hu\"},{\"@type\":\"Organization\",\"@id\":\"https:\/\/hungary-adventures.com\/hu\/#organization\",\"name\":\"Hungary Adventures\",\"url\":\"https:\/\/hungary-adventures.com\/hu\/\",\"logo\":{\"@type\":\"ImageObject\",\"inLanguage\":\"hu\",\"@id\":\"https:\/\/hungary-adventures.com\/hu\/#\/schema\/logo\/image\/\",\"url\":\"https:\/\/hungary-adventures.com\/wp-content\/uploads\/2024\/05\/cropped-cropped-cropped-Hungary-adventures.jpg\",\"contentUrl\":\"https:\/\/hungary-adventures.com\/wp-content\/uploads\/2024\/05\/cropped-cropped-cropped-Hungary-adventures.jpg\",\"width\":512,\"height\":512,\"caption\":\"Hungary Adventures\"},\"image\":{\"@id\":\"https:\/\/hungary-adventures.com\/hu\/#\/schema\/logo\/image\/\"}}]}<\/script>\n<!-- \/ Yoast SEO plugin. -->","yoast_head_json":{"title":"Cookie inform\u00e1ci\u00f3k - Hungary Adventures","robots":{"index":"index","follow":"follow","max-snippet":"max-snippet:-1","max-image-preview":"max-image-preview:large","max-video-preview":"max-video-preview:-1"},"canonical":"https:\/\/hungary-adventures.com\/hu\/cookie-informaciok\/","og_locale":"hu_HU","og_type":"article","og_title":"Cookie inform\u00e1ci\u00f3k - Hungary Adventures","og_description":"S\u00fctik E honlap megfelel\u0151 m\u0171k\u00f6d\u00e9s\u00e9hez \u201es\u00fctiknek\u201d nevezett adatf\u00e1jlokat (angolul: cookie) kell elhelyezn\u00fcnk sz\u00e1m\u00edt\u00f3g\u00e9p\u00e9n, ahogy azt m\u00e1s nagy webhelyek \u00e9s internetszolg\u00e1ltat\u00f3k is teszik. Mik is azok a s\u00fctik? A s\u00fctik kis sz\u00f6vegf\u00e1jlok, melyeket a webhely az oldalaira l\u00e1togat\u00f3 felhaszn\u00e1l\u00f3 sz\u00e1m\u00edt\u00f3g\u00e9p\u00e9n, illetve &hellip; Read More","og_url":"https:\/\/hungary-adventures.com\/hu\/cookie-informaciok\/","og_site_name":"Hungary Adventures","article_modified_time":"2022-11-01T06:54:46+00:00","og_image":[{"width":2560,"height":1388,"url":"https:\/\/hungary-adventures.com\/wp-content\/uploads\/2024\/05\/Hungary-adventures-Budapest-holiday-scaled.jpg","type":"image\/jpeg"}],"twitter_misc":{"Becs\u00fclt olvas\u00e1si id\u0151":"2 perc"},"schema":{"@context":"https:\/\/schema.org","@graph":[{"@type":"WebPage","@id":"https:\/\/hungary-adventures.com\/hu\/cookie-informaciok\/","url":"https:\/\/hungary-adventures.com\/hu\/cookie-informaciok\/","name":"Cookie inform\u00e1ci\u00f3k - Hungary Adventures","isPartOf":{"@id":"https:\/\/hungary-adventures.com\/hu\/#website"},"datePublished":"2022-10-30T18:43:47+00:00","dateModified":"2022-11-01T06:54:46+00:00","breadcrumb":{"@id":"https:\/\/hungary-adventures.com\/hu\/cookie-informaciok\/#breadcrumb"},"inLanguage":"hu","potentialAction":[{"@type":"ReadAction","target":["https:\/\/hungary-adventures.com\/hu\/cookie-informaciok\/"]}]},{"@type":"BreadcrumbList","@id":"https:\/\/hungary-adventures.com\/hu\/cookie-informaciok\/#breadcrumb","itemListElement":[{"@type":"ListItem","position":1,"name":"F\u0151oldal","item":"https:\/\/hungary-adventures.com\/hu\/"},{"@type":"ListItem","position":2,"name":"Cookie inform\u00e1ci\u00f3k"}]},{"@type":"WebSite","@id":"https:\/\/hungary-adventures.com\/hu\/#website","url":"https:\/\/hungary-adventures.com\/hu\/","name":"Hungary Adventures","description":"Leny\u0171g\u00f6z\u0151 utaz\u00e1s Tenerif\u00e9n","publisher":{"@id":"https:\/\/hungary-adventures.com\/hu\/#organization"},"potentialAction":[{"@type":"SearchAction","target":{"@type":"EntryPoint","urlTemplate":"https:\/\/hungary-adventures.com\/hu\/?s={search_term_string}"},"query-input":{"@type":"PropertyValueSpecification","valueRequired":true,"valueName":"search_term_string"}}],"inLanguage":"hu"},{"@type":"Organization","@id":"https:\/\/hungary-adventures.com\/hu\/#organization","name":"Hungary Adventures","url":"https:\/\/hungary-adventures.com\/hu\/","logo":{"@type":"ImageObject","inLanguage":"hu","@id":"https:\/\/hungary-adventures.com\/hu\/#\/schema\/logo\/image\/","url":"https:\/\/hungary-adventures.com\/wp-content\/uploads\/2024\/05\/cropped-cropped-cropped-Hungary-adventures.jpg","contentUrl":"https:\/\/hungary-adventures.com\/wp-content\/uploads\/2024\/05\/cropped-cropped-cropped-Hungary-adventures.jpg","width":512,"height":512,"caption":"Hungary Adventures"},"image":{"@id":"https:\/\/hungary-adventures.com\/hu\/#\/schema\/logo\/image\/"}}]}},"_links":{"self":[{"href":"https:\/\/hungary-adventures.com\/hu\/wp-json\/wp\/v2\/pages\/6370","targetHints":{"allow":["GET"]}}],"collection":[{"href":"https:\/\/hungary-adventures.com\/hu\/wp-json\/wp\/v2\/pages"}],"about":[{"href":"https:\/\/hungary-adventures.com\/hu\/wp-json\/wp\/v2\/types\/page"}],"author":[{"embeddable":true,"href":"https:\/\/hungary-adventures.com\/hu\/wp-json\/wp\/v2\/users\/1"}],"replies":[{"embeddable":true,"href":"https:\/\/hungary-adventures.com\/hu\/wp-json\/wp\/v2\/comments?post=6370"}],"version-history":[{"count":4,"href":"https:\/\/hungary-adventures.com\/hu\/wp-json\/wp\/v2\/pages\/6370\/revisions"}],"predecessor-version":[{"id":6475,"href":"https:\/\/hungary-adventures.com\/hu\/wp-json\/wp\/v2\/pages\/6370\/revisions\/6475"}],"wp:attachment":[{"href":"https:\/\/hungary-adventures.com\/hu\/wp-json\/wp\/v2\/media?parent=6370"}],"curies":[{"name":"wp","href":"https:\/\/api.w.org\/{rel}","templated":true}]}}