{"id":11575,"date":"2025-08-15T12:52:42","date_gmt":"2025-08-15T12:52:42","guid":{"rendered":"https:\/\/hungary-adventures.com\/?post_type=product&#038;p=11575"},"modified":"2026-03-09T13:40:20","modified_gmt":"2026-03-09T13:40:20","slug":"hiking-and-danube-river-hidden-viewpoints","status":"publish","type":"product","link":"https:\/\/hungary-adventures.com\/hu\/tour\/hiking-and-danube-river-hidden-viewpoints\/","title":{"rendered":"HIKING AND DANUBE RIVER &#8211; HIDDEN VIEWPOINTS"},"content":{"rendered":"<h4 align=\"justify\"><strong>Time table<\/strong><\/h4>\n<ul>\n<li>Friday, Saturday and Sunday<\/li>\n<li><strong>Duration:<\/strong> 9:00 &#8211; 18:00<\/li>\n<\/ul>\n<h4><strong>Meeting spot and time<\/strong><\/h4>\n<ul>\n<li>Budapest\u00a0 &#8211; 9:00 am &#8211; anywhere<\/li>\n<\/ul>\n<h4><strong>Difficulty level<\/strong><\/h4>\n<ul>\n<li>Moderate \/ Difficult<\/li>\n<li>Elevation: 800 meters<\/li>\n<li><em>Distance:<\/em> 18 km<\/li>\n<\/ul>\n<p><strong>Duration of hiking tour<\/strong><\/p>\n<ul>\n<li>5-6 hours<\/li>\n<\/ul>\n<h4><strong>Group size:\u00a0<\/strong><\/h4>\n<ul>\n<li>1-8 people<\/li>\n<\/ul>\n<p><strong>The price includes:\u00a0<\/strong><\/p>\n<ul>\n<li>guided tour (English speaking guide)<\/li>\n<li>free hotel pick up &amp; drop off in Budapest up to 8 persons &#8211; 1 hour drive from and back to Budapest<\/li>\n<\/ul>\n<p><strong>The price does not include:<\/strong><\/p>\n<ul>\n<li>if tranfer if needed &#8211; 20 EUR \/ person \/ tour (choose the transfer package)<\/li>\n<\/ul>\n<p><strong>Cancelation policy:\u00a0<\/strong><\/p>\n<ul>\n<li>You can cancel the tour free of charge 48 hours\u00a0 before departure<\/li>\n<li>Within 48 hours cancellation, is non-refundable<\/li>\n<li>Snacks, cereal bars, water<\/li>\n<\/ul>\n<p><strong>Additional costs:\u00a0<\/strong><\/p>\n<ul>\n<li>lunch<\/li>\n<\/ul>\n<p><strong>After booking and paying the deposit, you will receive a voucher in English which you will be asked to show us.\u00a0<\/strong><\/p>","protected":false},"excerpt":{"rendered":"<p><strong>HIKING AND DANUBE RIVER &#8211; 1 DAY &#8211; HIKING TOUR\u00a0<\/strong><\/p>\n<p data-start=\"110\" data-end=\"341\">The best panorama of the Danube Bend and a canyon with waterfalls in one day? This is our <em data-start=\"200\" data-end=\"228\">One-Day Wonder Hiking Tour<\/em>, where you can enjoy breathtaking trails near Budapest and immerse yourself in the beauty of Hungarian nature.<\/p>\n<p data-start=\"343\" data-end=\"627\">You\u2019ll spend the day in the stunning volcanic Visegr\u00e1d Hills, where you can admire the remnants of an ancient volcano. The large rocks and boulders along the trail tell the story of a powerful eruption long ago. Don\u2019t worry\u2014the volcano is no longer active, so you\u2019re perfectly safe.<\/p>\n<p data-start=\"629\" data-end=\"805\">After the first climb, you\u2019ll find yourself on a ridge offering spectacular views of the Danube River and the surrounding mountains. This spot is known as the Vad\u00e1ll\u00f3 Stones.<\/p>\n<p data-start=\"807\" data-end=\"1055\">A few hundred meters of further ascent will bring you to Pr\u00e9dik\u00e1l\u00f3sz\u00e9k, a summit that boasts one of the most beautiful views in Hungary. Here, you can climb up to the lookout, enjoy a snack, and take in the incredible panorama of the Danube Bend.<\/p>\n<p data-start=\"1057\" data-end=\"1278\">Once your energy is replenished, a long downhill stretch awaits, leading into a wild, untouched valley. Before tackling the canyon climb, you can refill your bottles and hydration packs at a clear, cold mountain spring.<\/p>\n<p data-start=\"1280\" data-end=\"1690\">The R\u00e1m Canyon is an adventure for both young and old, and it\u2019s no surprise that it\u2019s among the most popular hiking destinations near Budapest. Its cool, shaded environment, dramatic cliffs, and waterfalls invite you to climb with the help of ladders and railings. After ascending through the canyon, we\u2019ll begin our descent back to the starting point, filled with positive energy and unforgettable memories.<\/p>\n<p data-start=\"1692\" data-end=\"1870\">The full hike covers 18 km with an elevation gain of 800 m. It\u2019s recommended for experienced hikers, but it\u2019s still manageable for anyone in good health and reasonable fitness.<\/p>\n<hr data-start=\"1872\" data-end=\"1875\" \/>\n<p data-start=\"1877\" data-end=\"1890\"><strong data-start=\"1877\" data-end=\"1888\">Summary<\/strong><\/p>\n<p data-start=\"1892\" data-end=\"2442\">This <em data-start=\"1897\" data-end=\"1925\">One-Day Wonder Hiking Tour<\/em> takes you through the volcanic landscapes of the Visegr\u00e1d Hills, offering spectacular views from the Vad\u00e1ll\u00f3 Stones and Pr\u00e9dik\u00e1l\u00f3sz\u00e9k summit. The route includes a ridge walk with sweeping panoramas of the Danube Bend, a refreshing spring stop, and an exciting climb through the famous R\u00e1m Canyon with its waterfalls, ladders, and railings. Covering 18 km with 800 m of elevation gain, it\u2019s an unforgettable adventure for fit and healthy hikers looking to explore one of Hungary\u2019s most scenic areas in a single day.<\/p>\n<p><strong>Important info:\u00a0<\/strong><\/p>\n<p>It is advisable to book early as this is one of our most popular tours.<\/p>\n<p><strong>To finalise your booking, please book your programme in the calendar. Please note that you can secure your place on the tour by paying a deposit. Please write us the following when booking:\u00a0<\/strong><\/p>\n<ul>\n<li><strong>Full name\/s<\/strong><\/li>\n<li><strong>ID card\/s or Passport number\/s\u00a0<\/strong><\/li>\n<\/ul>\n<p> &hellip; <a href=\"https:\/\/hungary-adventures.com\/hu\/tour\/hiking-and-danube-river-hidden-viewpoints\/\">Read More<\/a><\/p>","protected":false},"featured_media":11579,"comment_status":"open","ping_status":"closed","template":"","meta":[],"product_cat":[777,807,814,750,454,444],"product_tag":[],"class_list":{"0":"post-11575","1":"product","2":"type-product","3":"status-publish","4":"has-post-thumbnail","6":"product_cat-things-to-do-in-budapest-for-couples","7":"product_cat-budapest-with-kids","8":"product_cat-group-activities-budapest","9":"product_cat-outdoor-activities-hungary","10":"product_cat-hiking-budapest","11":"product_cat-activities-for-couples-hungary","13":"first","14":"instock","15":"sold-individually","16":"purchasable","17":"product-type-booking"},"yoast_head":"<!-- This site is optimized with the Yoast SEO plugin v25.5 - https:\/\/yoast.com\/wordpress\/plugins\/seo\/ -->\n<title>HIKING AND DANUBE RIVER - HIDDEN VIEWPOINTS - Hungary Adventures<\/title>\n<meta name=\"description\" content=\"Spend a day in the famous canyon of Budapest region and get the best view to Danube river. Danube bend is very famous and a fantastic hiking.\" \/>\n<meta name=\"robots\" content=\"index, follow, max-snippet:-1, max-image-preview:large, max-video-preview:-1\" \/>\n<link rel=\"canonical\" href=\"https:\/\/hungary-adventures.com\/hu\/en\/tour\/hiking-and-danube-river-hidden-viewpoints\/\" \/>\n<meta property=\"og:locale\" content=\"hu_HU\" \/>\n<meta property=\"og:type\" content=\"article\" \/>\n<meta property=\"og:title\" content=\"Hiking in Budapest region\" \/>\n<meta property=\"og:description\" content=\"Discover the hidden gems of the Buda Hills on a guided hike from Budapest. Choose your difficulty level, explore stunning viewpoints, and enjoy a meal at a local restaurant.\" \/>\n<meta property=\"og:url\" content=\"https:\/\/hungary-adventures.com\/hu\/en\/tour\/hiking-and-danube-river-hidden-viewpoints\/\" \/>\n<meta property=\"og:site_name\" content=\"Hungary Adventures\" \/>\n<meta property=\"article:modified_time\" content=\"2026-03-09T13:40:20+00:00\" \/>\n<meta property=\"og:image\" content=\"https:\/\/hungary-adventures.com\/wp-content\/uploads\/2025\/06\/hiking-in-budapest-scaled.jpg\" \/>\n\t<meta property=\"og:image:width\" content=\"2560\" \/>\n\t<meta property=\"og:image:height\" content=\"1920\" \/>\n\t<meta property=\"og:image:type\" content=\"image\/jpeg\" \/>\n<meta name=\"twitter:label1\" content=\"\u00c1r\" \/>\n\t<meta name=\"twitter:data1\" content=\"80,00&nbsp;&euro;\" \/>\n\t<meta name=\"twitter:label2\" content=\"Availability\" \/>\n\t<meta name=\"twitter:data2\" content=\"In stock\" \/>\n<script type=\"application\/ld+json\" class=\"yoast-schema-graph\">{\"@context\":\"https:\/\/schema.org\",\"@graph\":[{\"@type\":\"WebPage\",\"@id\":\"https:\/\/hungary-adventures.com\/en\/tour\/hiking-and-danube-river-hidden-viewpoints\/\",\"url\":\"https:\/\/hungary-adventures.com\/en\/tour\/hiking-and-danube-river-hidden-viewpoints\/\",\"name\":\"HIKING AND DANUBE RIVER - HIDDEN VIEWPOINTS - Hungary Adventures\",\"isPartOf\":{\"@id\":\"https:\/\/hungary-adventures.com\/#website\"},\"primaryImageOfPage\":{\"@id\":\"https:\/\/hungary-adventures.com\/en\/tour\/hiking-and-danube-river-hidden-viewpoints\/#primaryimage\"},\"image\":{\"@id\":\"https:\/\/hungary-adventures.com\/en\/tour\/hiking-and-danube-river-hidden-viewpoints\/#primaryimage\"},\"thumbnailUrl\":\"https:\/\/hungary-adventures.com\/wp-content\/uploads\/2025\/08\/Hungary-waterfall-nature.jpg\",\"datePublished\":\"2025-08-15T12:52:42+00:00\",\"dateModified\":\"2026-03-09T13:40:20+00:00\",\"description\":\"Spend a day in the famous canyon of Budapest region and get the best view to Danube river. Danube bend is very famous and a fantastic hiking.\",\"breadcrumb\":{\"@id\":\"https:\/\/hungary-adventures.com\/en\/tour\/hiking-and-danube-river-hidden-viewpoints\/#breadcrumb\"},\"inLanguage\":\"hu\",\"potentialAction\":[{\"@type\":\"ReadAction\",\"target\":[\"https:\/\/hungary-adventures.com\/en\/tour\/hiking-and-danube-river-hidden-viewpoints\/\"]}]},{\"@type\":\"ImageObject\",\"inLanguage\":\"hu\",\"@id\":\"https:\/\/hungary-adventures.com\/en\/tour\/hiking-and-danube-river-hidden-viewpoints\/#primaryimage\",\"url\":\"https:\/\/hungary-adventures.com\/wp-content\/uploads\/2025\/08\/Hungary-waterfall-nature.jpg\",\"contentUrl\":\"https:\/\/hungary-adventures.com\/wp-content\/uploads\/2025\/08\/Hungary-waterfall-nature.jpg\",\"width\":1024,\"height\":768},{\"@type\":\"BreadcrumbList\",\"@id\":\"https:\/\/hungary-adventures.com\/en\/tour\/hiking-and-danube-river-hidden-viewpoints\/#breadcrumb\",\"itemListElement\":[{\"@type\":\"ListItem\",\"position\":1,\"name\":\"F\u0151oldal\",\"item\":\"https:\/\/hungary-adventures.com\/\"},{\"@type\":\"ListItem\",\"position\":2,\"name\":\"Activities\",\"item\":\"https:\/\/hungary-adventures.com\/en\/hungary-activities\/\"},{\"@type\":\"ListItem\",\"position\":3,\"name\":\"Hiking and Walking in Budapest\",\"item\":\"https:\/\/hungary-adventures.com\/en\/tour-category\/hiking-budapest\/\"},{\"@type\":\"ListItem\",\"position\":4,\"name\":\"HIKING AND DANUBE RIVER &#8211; HIDDEN VIEWPOINTS\"}]},{\"@type\":\"WebSite\",\"@id\":\"https:\/\/hungary-adventures.com\/#website\",\"url\":\"https:\/\/hungary-adventures.com\/\",\"name\":\"Hungary Adventures\",\"description\":\"Bakancslist\u00e1s programok Magyarorsz\u00e1gon\",\"publisher\":{\"@id\":\"https:\/\/hungary-adventures.com\/#organization\"},\"potentialAction\":[{\"@type\":\"SearchAction\",\"target\":{\"@type\":\"EntryPoint\",\"urlTemplate\":\"https:\/\/hungary-adventures.com\/?s={search_term_string}\"},\"query-input\":{\"@type\":\"PropertyValueSpecification\",\"valueRequired\":true,\"valueName\":\"search_term_string\"}}],\"inLanguage\":\"hu\"},{\"@type\":\"Organization\",\"@id\":\"https:\/\/hungary-adventures.com\/#organization\",\"name\":\"Hungary Adventures\",\"url\":\"https:\/\/hungary-adventures.com\/\",\"logo\":{\"@type\":\"ImageObject\",\"inLanguage\":\"hu\",\"@id\":\"https:\/\/hungary-adventures.com\/#\/schema\/logo\/image\/\",\"url\":\"https:\/\/hungary-adventures.com\/wp-content\/uploads\/2024\/05\/cropped-cropped-cropped-Hungary-adventures.jpg\",\"contentUrl\":\"https:\/\/hungary-adventures.com\/wp-content\/uploads\/2024\/05\/cropped-cropped-cropped-Hungary-adventures.jpg\",\"width\":512,\"height\":512,\"caption\":\"Hungary Adventures\"},\"image\":{\"@id\":\"https:\/\/hungary-adventures.com\/#\/schema\/logo\/image\/\"}}]}<\/script>\n<meta property=\"product:price:amount\" content=\"80.00\" \/>\n<meta property=\"product:price:currency\" content=\"EUR\" \/>\n<meta property=\"og:availability\" content=\"instock\" \/>\n<meta property=\"product:availability\" content=\"instock\" \/>\n<meta property=\"product:condition\" content=\"new\" \/>\n<!-- \/ Yoast SEO plugin. -->","yoast_head_json":{"title":"HIKING AND DANUBE RIVER - HIDDEN VIEWPOINTS - Hungary Adventures","description":"Spend a day in the famous canyon of Budapest region and get the best view to Danube river. Danube bend is very famous and a fantastic hiking.","robots":{"index":"index","follow":"follow","max-snippet":"max-snippet:-1","max-image-preview":"max-image-preview:large","max-video-preview":"max-video-preview:-1"},"canonical":"https:\/\/hungary-adventures.com\/hu\/en\/tour\/hiking-and-danube-river-hidden-viewpoints\/","og_locale":"hu_HU","og_type":"article","og_title":"Hiking in Budapest region","og_description":"Discover the hidden gems of the Buda Hills on a guided hike from Budapest. Choose your difficulty level, explore stunning viewpoints, and enjoy a meal at a local restaurant.","og_url":"https:\/\/hungary-adventures.com\/hu\/en\/tour\/hiking-and-danube-river-hidden-viewpoints\/","og_site_name":"Hungary Adventures","article_modified_time":"2026-03-09T13:40:20+00:00","og_image":[{"width":2560,"height":1920,"url":"https:\/\/hungary-adventures.com\/wp-content\/uploads\/2025\/06\/hiking-in-budapest-scaled.jpg","type":"image\/jpeg"}],"twitter_misc":{"\u00c1r":"80,00&nbsp;&euro;","Availability":"In stock"},"schema":{"@context":"https:\/\/schema.org","@graph":[{"@type":"WebPage","@id":"https:\/\/hungary-adventures.com\/en\/tour\/hiking-and-danube-river-hidden-viewpoints\/","url":"https:\/\/hungary-adventures.com\/en\/tour\/hiking-and-danube-river-hidden-viewpoints\/","name":"HIKING AND DANUBE RIVER - HIDDEN VIEWPOINTS - Hungary Adventures","isPartOf":{"@id":"https:\/\/hungary-adventures.com\/#website"},"primaryImageOfPage":{"@id":"https:\/\/hungary-adventures.com\/en\/tour\/hiking-and-danube-river-hidden-viewpoints\/#primaryimage"},"image":{"@id":"https:\/\/hungary-adventures.com\/en\/tour\/hiking-and-danube-river-hidden-viewpoints\/#primaryimage"},"thumbnailUrl":"https:\/\/hungary-adventures.com\/wp-content\/uploads\/2025\/08\/Hungary-waterfall-nature.jpg","datePublished":"2025-08-15T12:52:42+00:00","dateModified":"2026-03-09T13:40:20+00:00","description":"Spend a day in the famous canyon of Budapest region and get the best view to Danube river. Danube bend is very famous and a fantastic hiking.","breadcrumb":{"@id":"https:\/\/hungary-adventures.com\/en\/tour\/hiking-and-danube-river-hidden-viewpoints\/#breadcrumb"},"inLanguage":"hu","potentialAction":[{"@type":"ReadAction","target":["https:\/\/hungary-adventures.com\/en\/tour\/hiking-and-danube-river-hidden-viewpoints\/"]}]},{"@type":"ImageObject","inLanguage":"hu","@id":"https:\/\/hungary-adventures.com\/en\/tour\/hiking-and-danube-river-hidden-viewpoints\/#primaryimage","url":"https:\/\/hungary-adventures.com\/wp-content\/uploads\/2025\/08\/Hungary-waterfall-nature.jpg","contentUrl":"https:\/\/hungary-adventures.com\/wp-content\/uploads\/2025\/08\/Hungary-waterfall-nature.jpg","width":1024,"height":768},{"@type":"BreadcrumbList","@id":"https:\/\/hungary-adventures.com\/en\/tour\/hiking-and-danube-river-hidden-viewpoints\/#breadcrumb","itemListElement":[{"@type":"ListItem","position":1,"name":"F\u0151oldal","item":"https:\/\/hungary-adventures.com\/"},{"@type":"ListItem","position":2,"name":"Activities","item":"https:\/\/hungary-adventures.com\/en\/hungary-activities\/"},{"@type":"ListItem","position":3,"name":"Hiking and Walking in Budapest","item":"https:\/\/hungary-adventures.com\/en\/tour-category\/hiking-budapest\/"},{"@type":"ListItem","position":4,"name":"HIKING AND DANUBE RIVER &#8211; HIDDEN VIEWPOINTS"}]},{"@type":"WebSite","@id":"https:\/\/hungary-adventures.com\/#website","url":"https:\/\/hungary-adventures.com\/","name":"Hungary Adventures","description":"Bakancslist\u00e1s programok Magyarorsz\u00e1gon","publisher":{"@id":"https:\/\/hungary-adventures.com\/#organization"},"potentialAction":[{"@type":"SearchAction","target":{"@type":"EntryPoint","urlTemplate":"https:\/\/hungary-adventures.com\/?s={search_term_string}"},"query-input":{"@type":"PropertyValueSpecification","valueRequired":true,"valueName":"search_term_string"}}],"inLanguage":"hu"},{"@type":"Organization","@id":"https:\/\/hungary-adventures.com\/#organization","name":"Hungary Adventures","url":"https:\/\/hungary-adventures.com\/","logo":{"@type":"ImageObject","inLanguage":"hu","@id":"https:\/\/hungary-adventures.com\/#\/schema\/logo\/image\/","url":"https:\/\/hungary-adventures.com\/wp-content\/uploads\/2024\/05\/cropped-cropped-cropped-Hungary-adventures.jpg","contentUrl":"https:\/\/hungary-adventures.com\/wp-content\/uploads\/2024\/05\/cropped-cropped-cropped-Hungary-adventures.jpg","width":512,"height":512,"caption":"Hungary Adventures"},"image":{"@id":"https:\/\/hungary-adventures.com\/#\/schema\/logo\/image\/"}}]},"product_price_amount":"80.00","product_price_currency":"EUR","og_availability":"instock","product_availability":"instock","product_condition":"new"},"_links":{"self":[{"href":"https:\/\/hungary-adventures.com\/hu\/wp-json\/wp\/v2\/product\/11575","targetHints":{"allow":["GET"]}}],"collection":[{"href":"https:\/\/hungary-adventures.com\/hu\/wp-json\/wp\/v2\/product"}],"about":[{"href":"https:\/\/hungary-adventures.com\/hu\/wp-json\/wp\/v2\/types\/product"}],"replies":[{"embeddable":true,"href":"https:\/\/hungary-adventures.com\/hu\/wp-json\/wp\/v2\/comments?post=11575"}],"version-history":[{"count":3,"href":"https:\/\/hungary-adventures.com\/hu\/wp-json\/wp\/v2\/product\/11575\/revisions"}],"predecessor-version":[{"id":11588,"href":"https:\/\/hungary-adventures.com\/hu\/wp-json\/wp\/v2\/product\/11575\/revisions\/11588"}],"wp:featuredmedia":[{"embeddable":true,"href":"https:\/\/hungary-adventures.com\/hu\/wp-json\/wp\/v2\/media\/11579"}],"wp:attachment":[{"href":"https:\/\/hungary-adventures.com\/hu\/wp-json\/wp\/v2\/media?parent=11575"}],"wp:term":[{"taxonomy":"product_cat","embeddable":true,"href":"https:\/\/hungary-adventures.com\/hu\/wp-json\/wp\/v2\/product_cat?post=11575"},{"taxonomy":"product_tag","embeddable":true,"href":"https:\/\/hungary-adventures.com\/hu\/wp-json\/wp\/v2\/product_tag?post=11575"}],"curies":[{"name":"wp","href":"https:\/\/api.w.org\/{rel}","templated":true}]}}